{"id":424,"date":"2018-01-12T12:15:39","date_gmt":"2018-01-12T11:15:39","guid":{"rendered":"http:\/\/www.dermakim.it\/?page_id=424"},"modified":"2025-05-23T14:28:59","modified_gmt":"2025-05-23T12:28:59","slug":"politica-della-qualita","status":"publish","type":"page","link":"https:\/\/www.dermakim.it\/en\/quality\/","title":{"rendered":"Quality"},"content":{"rendered":"<p><img decoding=\"async\" loading=\"lazy\" class=\" wp-image-442 alignleft\" src=\"https:\/\/www.dermakim.it\/wp-content\/uploads\/2018\/01\/QualitaKIM-210x300.jpg\" alt=\"QualitaKIM\" width=\"253\" height=\"362\" srcset=\"https:\/\/www.dermakim.it\/wp-content\/uploads\/2018\/01\/QualitaKIM-210x300.jpg 210w, https:\/\/www.dermakim.it\/wp-content\/uploads\/2018\/01\/QualitaKIM-768x1097.jpg 768w, https:\/\/www.dermakim.it\/wp-content\/uploads\/2018\/01\/QualitaKIM-717x1024.jpg 717w, https:\/\/www.dermakim.it\/wp-content\/uploads\/2018\/01\/QualitaKIM-480x686.jpg 480w, https:\/\/www.dermakim.it\/wp-content\/uploads\/2018\/01\/QualitaKIM-830x1186.jpg 830w, https:\/\/www.dermakim.it\/wp-content\/uploads\/2018\/01\/QualitaKIM-230x329.jpg 230w, https:\/\/www.dermakim.it\/wp-content\/uploads\/2018\/01\/QualitaKIM-350x500.jpg 350w, https:\/\/www.dermakim.it\/wp-content\/uploads\/2018\/01\/QualitaKIM.jpg 1000w\" sizes=\"(max-width: 253px) 100vw, 253px\" \/>La <strong>DERMAKIM<\/strong> sviluppa, produce e vende prodotti chimici destinati all\u2019industria conciaria, in un contesto di mercato caratterizzato da una elevata competitivit\u00e0 e da selettive dinamiche di riassetto del settore.<\/p>\n<p>La <strong>DERMAKIM<\/strong>, pertanto, ritiene fondamentale per la continuit\u00e0 e lo sviluppo della propria attivit\u00e0 l\u2019acquisizione e la fidelizzazione dei clienti mediante il perseguimento di obiettivi di miglioramento per la:<\/p>\n<ul class=\"difettoso\">\n<li>Qualit\u00e0 ed affidabilit\u00e0 dei prodotti<\/li>\n<li>Competitivit\u00e0 commerciale<\/li>\n<li>Assistenza applicativa sul campo di utilizzo dei prodotti<\/li>\n<li>Incremento continuo della soddisfazione del cliente<\/li>\n<li>Presa in carico delle esigenze\/aspettative delle parti interessate<\/li>\n<li>Gestione delle risorse attraverso l\u2019ottimale sviluppo professionale dei dipendenti, il potenziamento delle infrastrutture impiantistiche &#8211; informatiche e la crescita costante del know-how aziendale<\/li>\n<\/ul>\n<p>&nbsp;<\/p>\n<p>La DERMAKIM, avendo acquisita la certificazione del proprio <strong>Sistema di Gestione della Qualit\u00e0<\/strong> nel 1998, aveva gi\u00e0 ottenuto notevoli benefici organizzativi e di riconoscimento esterno. Si era evidenziato che la qualit\u00e0 non era pertinente del singolo processo, ma dell\u2019interazione di tutti gli elementi del Sistema di gestione aziendale.<\/p>\n<p>Per tali scopi la DERMAKIM ha adeguato il proprio <strong>Sistema Qualit\u00e0 alla norma ISO 9001:2015<\/strong> che prospetta una gestione aziendale<\/p>\n<ul>\n<li>dinamica<\/li>\n<li>integrata<\/li>\n<li>volta ad un miglioramento continuo<\/li>\n<li>con una pianificazione dei processi<\/li>\n<li>con l\u2019individuazione di efficaci indicatori di prestazione<\/li>\n<li>con un approccio basato sulla gestione dei rischi<\/li>\n<\/ul>\n<p>Pertanto \u00e8 sempre pi\u00f9 necessario valorizzare pienamente tutte le risorse umane coinvolgendole, formandole, informandole in modo da favorire, attraverso il loro contributo, le azioni di un continuo miglioramento aziendale.<br \/>\nL\u2019incremento della soddisfazione del cliente \u00e8 la bussola orientativa del Sistema di gestione aziendale, quindi \u00e8 necessario un suo appropriato monitoraggio al fine di individuare le azioni migliorative da introdurre nel sistema per ridurre eventuali incomprensioni e reclami.<br \/>\nLa gestione aziendale deve essere adeguata e conforme alla legislazione a alla normativa vigente, in particolare per le attivit\u00e0 produttive interne e nella progettazione dei prodotti per il cliente.<br \/>\nLe attivit\u00e0 di sviluppo e miglioramento del Sistema di Gestione per la Qualit\u00e0 vengono proposte e valutate dal Comitato di Direzione, motore della gestione aziendale.<\/p>\n<p>La politica per la qualit\u00e0 viene comunicata, resa disponibile, compresa ed applicata da tutto il personale e viene riesaminata per garantirne la continua idoneit\u00e0 durante ogni Riesame di Direzione.<\/p>\n<p>&nbsp;<\/p>\n<p><span style=\"text-decoration: underline;\">Scarica i nostri certificati:<\/span><\/p>\n<p><span style=\"background-color: transparent;\"><a target=\"_blank\" href=\"https:\/\/www.dermakim.it\/wp-content\/uploads\/2025\/01\/Certificato-ISO-9001_page-0001.jpg\" rel=\"noopener noreferrer\"><img decoding=\"async\" loading=\"lazy\" class=\"alignnone wp-image-491\" src=\"https:\/\/www.dermakim.it\/wp-content\/uploads\/2025\/01\/Certificato-ISO-9001_page-0001.jpg\" alt=\"\" width=\"250\" height=\"354\" \/> <\/a> <a href=\"https:\/\/www.dermakim.it\/wp-content\/uploads\/2021\/04\/Certificato-ISO-9001-2021-1_page-0002.jpg\" target=\"_blank\" rel=\"noopener noreferrer\"><img decoding=\"async\" loading=\"lazy\" class=\"alignnone wp-image-490\" src=\"https:\/\/www.dermakim.it\/wp-content\/uploads\/2021\/04\/Certificato-ISO-9001-2021-1_page-0002-212x300.jpg\" alt=\"\" width=\"250\" height=\"353\" srcset=\"https:\/\/www.dermakim.it\/wp-content\/uploads\/2021\/04\/Certificato-ISO-9001-2021-1_page-0002-212x300.jpg 212w, https:\/\/www.dermakim.it\/wp-content\/uploads\/2021\/04\/Certificato-ISO-9001-2021-1_page-0002-724x1024.jpg 724w, https:\/\/www.dermakim.it\/wp-content\/uploads\/2021\/04\/Certificato-ISO-9001-2021-1_page-0002-768x1087.jpg 768w, https:\/\/www.dermakim.it\/wp-content\/uploads\/2021\/04\/Certificato-ISO-9001-2021-1_page-0002-1085x1536.jpg 1085w, https:\/\/www.dermakim.it\/wp-content\/uploads\/2021\/04\/Certificato-ISO-9001-2021-1_page-0002-830x1175.jpg 830w, https:\/\/www.dermakim.it\/wp-content\/uploads\/2021\/04\/Certificato-ISO-9001-2021-1_page-0002-230x326.jpg 230w, https:\/\/www.dermakim.it\/wp-content\/uploads\/2021\/04\/Certificato-ISO-9001-2021-1_page-0002-350x495.jpg 350w, https:\/\/www.dermakim.it\/wp-content\/uploads\/2021\/04\/Certificato-ISO-9001-2021-1_page-0002-480x679.jpg 480w, https:\/\/www.dermakim.it\/wp-content\/uploads\/2021\/04\/Certificato-ISO-9001-2021-1_page-0002.jpg 1240w\" sizes=\"(max-width: 250px) 100vw, 250px\" \/> <\/a><\/span><\/p>\n<p><span style=\"background-color: transparent;\">\u00a0<\/span><br \/>\n<script>\nvar ua = window.navigator.userAgent;\nvar edge = ua.indexOf('Edge\/');\nif (edge > 0) {\n    document.getElementsByClass('difettoso')[0].style.paddingLeft = '300px';\n}\n<\/script><\/p>","protected":false},"excerpt":{"rendered":"<p>La DERMAKIM sviluppa, produce e vende prodotti chimici destinati all\u2019industria conciaria, in un contesto di mercato caratterizzato da una elevata competitivit\u00e0 e da selettive dinamiche di riassetto del settore. La DERMAKIM, pertanto, ritiene fondamentale per la continuit\u00e0 e lo sviluppo della propria attivit\u00e0 l\u2019acquisizione e la fidelizzazione dei clienti mediante il perseguimento di obiettivi di [&hellip;]<\/p>\n","protected":false},"author":2,"featured_media":0,"parent":0,"menu_order":0,"comment_status":"closed","ping_status":"closed","template":"page-templates\/page_fullwidth.php","meta":[],"yoast_head":"<!-- This site is optimized with the Yoast SEO plugin v15.4 - https:\/\/yoast.com\/wordpress\/plugins\/seo\/ -->\n<title>Quality: DERMAKIM<\/title>\n<meta name=\"description\" content=\"DERMAKIM has adjusted its Quality System to ISO 9001: 2015\" \/>\n<meta name=\"robots\" content=\"index, follow, max-snippet:-1, max-image-preview:large, max-video-preview:-1\" \/>\n<link rel=\"canonical\" href=\"https:\/\/www.dermakim.it\/politica-della-qualita\/\" \/>\n<meta property=\"og:locale\" content=\"en_US\" \/>\n<meta property=\"og:type\" content=\"article\" \/>\n<meta property=\"og:title\" content=\"[:it]Politica della qualit\u00e0: Dermakim[:en]Quality: DERMAKIM[:]\" \/>\n<meta property=\"og:description\" content=\"{:it}DERMAKIM ha adeguato il proprio Sistema Qualit\u00e0 alla norma ISO 9001:2015{:en}DERMAKIM has adjusted its Quality System to ISO 9001: 2015{:}\" \/>\n<meta property=\"og:url\" content=\"https:\/\/www.dermakim.it\/politica-della-qualita\/\" \/>\n<meta property=\"og:site_name\" content=\"DERMAKIM\" \/>\n<meta property=\"article:modified_time\" content=\"2025-05-23T12:28:59+00:00\" \/>\n<meta property=\"og:image\" content=\"https:\/\/www.dermakim.it\/wp-content\/uploads\/2018\/01\/QualitaKIM-210x300.jpg\" \/>\n<meta name=\"twitter:card\" content=\"summary\" \/>\n<meta name=\"twitter:label1\" content=\"Written by\">\n\t<meta name=\"twitter:data1\" content=\"Alice Almasio\">\n\t<meta name=\"twitter:label2\" content=\"Est. reading time\">\n\t<meta name=\"twitter:data2\" content=\"3 minutes\">\n<script type=\"application\/ld+json\" class=\"yoast-schema-graph\">{\"@context\":\"https:\/\/schema.org\",\"@graph\":[{\"@type\":\"WebSite\",\"@id\":\"https:\/\/www.dermakim.it\/#website\",\"url\":\"https:\/\/www.dermakim.it\/\",\"name\":\"DERMAKIM\",\"description\":\"DERMAKIM\",\"potentialAction\":[{\"@type\":\"SearchAction\",\"target\":\"https:\/\/www.dermakim.it\/?s={search_term_string}\",\"query-input\":\"required name=search_term_string\"}],\"inLanguage\":\"en-US\"},{\"@type\":\"ImageObject\",\"@id\":\"https:\/\/www.dermakim.it\/politica-della-qualita\/#primaryimage\",\"inLanguage\":\"en-US\",\"url\":\"https:\/\/www.dermakim.it\/wp-content\/uploads\/2018\/01\/QualitaKIM.jpg\",\"width\":1000,\"height\":1429,\"caption\":\"Qualit\\u00e0 Dermakim\"},{\"@type\":\"WebPage\",\"@id\":\"https:\/\/www.dermakim.it\/politica-della-qualita\/#webpage\",\"url\":\"https:\/\/www.dermakim.it\/politica-della-qualita\/\",\"name\":\"[:it]Politica della qualit\\u00e0: Dermakim[:en]Quality: DERMAKIM[:]\",\"isPartOf\":{\"@id\":\"https:\/\/www.dermakim.it\/#website\"},\"primaryImageOfPage\":{\"@id\":\"https:\/\/www.dermakim.it\/politica-della-qualita\/#primaryimage\"},\"datePublished\":\"2018-01-12T11:15:39+00:00\",\"dateModified\":\"2025-05-23T12:28:59+00:00\",\"description\":\"{:it}DERMAKIM ha adeguato il proprio Sistema Qualit\\u00e0 alla norma ISO 9001:2015{:en}DERMAKIM has adjusted its Quality System to ISO 9001: 2015{:}\",\"inLanguage\":\"en-US\",\"potentialAction\":[{\"@type\":\"ReadAction\",\"target\":[\"https:\/\/www.dermakim.it\/politica-della-qualita\/\"]}]}]}<\/script>\n<!-- \/ Yoast SEO plugin. -->","_links":{"self":[{"href":"https:\/\/www.dermakim.it\/en\/wp-json\/wp\/v2\/pages\/424"}],"collection":[{"href":"https:\/\/www.dermakim.it\/en\/wp-json\/wp\/v2\/pages"}],"about":[{"href":"https:\/\/www.dermakim.it\/en\/wp-json\/wp\/v2\/types\/page"}],"author":[{"embeddable":true,"href":"https:\/\/www.dermakim.it\/en\/wp-json\/wp\/v2\/users\/2"}],"replies":[{"embeddable":true,"href":"https:\/\/www.dermakim.it\/en\/wp-json\/wp\/v2\/comments?post=424"}],"version-history":[{"count":40,"href":"https:\/\/www.dermakim.it\/en\/wp-json\/wp\/v2\/pages\/424\/revisions"}],"predecessor-version":[{"id":590,"href":"https:\/\/www.dermakim.it\/en\/wp-json\/wp\/v2\/pages\/424\/revisions\/590"}],"wp:attachment":[{"href":"https:\/\/www.dermakim.it\/en\/wp-json\/wp\/v2\/media?parent=424"}],"curies":[{"name":"wp","href":"https:\/\/api.w.org\/{rel}","templated":true}]}}